{"id":28915,"date":"2022-06-22T14:44:17","date_gmt":"2022-06-22T12:44:17","guid":{"rendered":"https:\/\/wonderfauna.org\/?page_id=28915"},"modified":"2026-03-08T18:03:18","modified_gmt":"2026-03-08T17:03:18","slug":"revue","status":"publish","type":"page","link":"https:\/\/wonderfauna.org\/en\/nos-projets\/revue\/","title":{"rendered":"Revue"},"content":{"rendered":"<div data-elementor-type=\"wp-page\" data-elementor-id=\"28915\" class=\"elementor elementor-28915\" data-elementor-post-type=\"page\">\n\t\t\t\t\t\t<section class=\"elementor-section elementor-top-section elementor-element elementor-element-1293450 elementor-section-boxed elementor-section-height-default elementor-section-height-default\" data-id=\"1293450\" data-element_type=\"section\">\n\t\t\t\t\t\t<div class=\"elementor-container elementor-column-gap-no\">\n\t\t\t\t\t<div class=\"elementor-column elementor-col-100 elementor-top-column elementor-element elementor-element-d4002ae\" data-id=\"d4002ae\" data-element_type=\"column\">\n\t\t\t<div class=\"elementor-widget-wrap elementor-element-populated\">\n\t\t\t\t\t\t<div class=\"elementor-element elementor-element-2c67e88 elementor-widget elementor-widget-spacer\" data-id=\"2c67e88\" data-element_type=\"widget\" data-widget_type=\"spacer.default\">\n\t\t\t\t<div class=\"elementor-widget-container\">\n\t\t\t\t\t\t\t<div class=\"elementor-spacer\">\n\t\t\t<div class=\"elementor-spacer-inner\"><\/div>\n\t\t<\/div>\n\t\t\t\t\t\t<\/div>\n\t\t\t\t<\/div>\n\t\t\t\t<div class=\"elementor-element elementor-element-aa8d4e9 elementor-widget elementor-widget-spacer\" data-id=\"aa8d4e9\" data-element_type=\"widget\" data-widget_type=\"spacer.default\">\n\t\t\t\t<div class=\"elementor-widget-container\">\n\t\t\t\t\t\t\t<div class=\"elementor-spacer\">\n\t\t\t<div class=\"elementor-spacer-inner\"><\/div>\n\t\t<\/div>\n\t\t\t\t\t\t<\/div>\n\t\t\t\t<\/div>\n\t\t\t\t<div class=\"elementor-element elementor-element-0657fae elementor-widget elementor-widget-heading\" data-id=\"0657fae\" data-element_type=\"widget\" data-widget_type=\"heading.default\">\n\t\t\t\t<div class=\"elementor-widget-container\">\n\t\t\t\t\t<h2 class=\"elementor-heading-title elementor-size-default\">La revue<\/h2>\t\t\t\t<\/div>\n\t\t\t\t<\/div>\n\t\t\t\t<div class=\"elementor-element elementor-element-9714798 elementor-widget elementor-widget-spacer\" data-id=\"9714798\" data-element_type=\"widget\" data-widget_type=\"spacer.default\">\n\t\t\t\t<div class=\"elementor-widget-container\">\n\t\t\t\t\t\t\t<div class=\"elementor-spacer\">\n\t\t\t<div class=\"elementor-spacer-inner\"><\/div>\n\t\t<\/div>\n\t\t\t\t\t\t<\/div>\n\t\t\t\t<\/div>\n\t\t\t\t<div class=\"elementor-element elementor-element-f575559 elementor-widget elementor-widget-text-editor\" data-id=\"f575559\" data-element_type=\"widget\" data-widget_type=\"text-editor.default\">\n\t\t\t\t<div class=\"elementor-widget-container\">\n\t\t\t\t\t\t\t\t\t<div class=\"fixed-name\">Wonder Fauna : la revue suisse d\u00e9di\u00e9e \u00e0 la biodiversit\u00e9 locale<\/div>\t\t\t\t\t\t\t\t<\/div>\n\t\t\t\t<\/div>\n\t\t\t\t\t<\/div>\n\t\t<\/div>\n\t\t\t\t\t<\/div>\n\t\t<\/section>\n\t\t\t\t<section class=\"elementor-section elementor-top-section elementor-element elementor-element-13d0625 elementor-reverse-tablet elementor-reverse-mobile elementor-section-boxed elementor-section-height-default elementor-section-height-default\" data-id=\"13d0625\" data-element_type=\"section\">\n\t\t\t\t\t\t<div class=\"elementor-container elementor-column-gap-default\">\n\t\t\t\t\t<div class=\"elementor-column elementor-col-100 elementor-top-column elementor-element elementor-element-940e747\" data-id=\"940e747\" data-element_type=\"column\">\n\t\t\t<div class=\"elementor-widget-wrap elementor-element-populated\">\n\t\t\t\t\t\t<div class=\"elementor-element elementor-element-b542d52 elementor-widget elementor-widget-heading\" data-id=\"b542d52\" data-element_type=\"widget\" data-widget_type=\"heading.default\">\n\t\t\t\t<div class=\"elementor-widget-container\">\n\t\t\t\t\t<h2 class=\"elementor-heading-title elementor-size-default\"><br> La nature perd ses ailes<\/h2>\t\t\t\t<\/div>\n\t\t\t\t<\/div>\n\t\t\t\t<div class=\"elementor-element elementor-element-e137cf4 elementor-widget elementor-widget-text-editor\" data-id=\"e137cf4\" data-element_type=\"widget\" data-widget_type=\"text-editor.default\">\n\t\t\t\t<div class=\"elementor-widget-container\">\n\t\t\t\t\t\t\t\t\t<p>Disponible\u00a0<\/p><p>Date de parution : 06 mai 2023<\/p>\t\t\t\t\t\t\t\t<\/div>\n\t\t\t\t<\/div>\n\t\t\t\t<div class=\"elementor-element elementor-element-ef8a90a elementor--h-position-center elementor--v-position-middle elementor-arrows-position-inside elementor-pagination-position-inside elementor-widget elementor-widget-slides\" data-id=\"ef8a90a\" data-element_type=\"widget\" data-settings=\"{&quot;autoplay_speed&quot;:3000,&quot;transition_speed&quot;:700,&quot;navigation&quot;:&quot;both&quot;,&quot;autoplay&quot;:&quot;yes&quot;,&quot;pause_on_hover&quot;:&quot;yes&quot;,&quot;pause_on_interaction&quot;:&quot;yes&quot;,&quot;infinite&quot;:&quot;yes&quot;,&quot;transition&quot;:&quot;slide&quot;}\" data-widget_type=\"slides.default\">\n\t\t\t\t<div class=\"elementor-widget-container\">\n\t\t\t\t\t\t\t\t\t<div class=\"elementor-swiper\">\n\t\t\t\t\t<div class=\"elementor-slides-wrapper elementor-main-swiper swiper\" role=\"region\" aria-roledescription=\"carousel\" aria-label=\"Diapositives\" dir=\"ltr\" data-animation=\"fadeInUp\">\n\t\t\t\t<div class=\"swiper-wrapper elementor-slides\">\n\t\t\t\t\t\t\t\t\t\t<div class=\"elementor-repeater-item-064dc2c swiper-slide\" role=\"group\" aria-roledescription=\"slide\"><div class=\"swiper-slide-bg\" role=\"img\" aria-label=\"Couverture revue Wonder Fauna\"><\/div><div class=\"swiper-slide-inner\" ><div class=\"swiper-slide-contents\"><\/div><\/div><\/div><div class=\"elementor-repeater-item-3f18416 swiper-slide\" role=\"group\" aria-roledescription=\"slide\"><div class=\"swiper-slide-bg\" role=\"img\" aria-label=\"04.03:Revue Wonder Fauna 9\"><\/div><div class=\"swiper-slide-inner\" ><div class=\"swiper-slide-contents\"><\/div><\/div><\/div><div class=\"elementor-repeater-item-868d804 swiper-slide\" role=\"group\" aria-roledescription=\"slide\"><div class=\"swiper-slide-bg\" role=\"img\" aria-label=\"Interview\"><\/div><div class=\"swiper-slide-inner\" ><div class=\"swiper-slide-contents\"><\/div><\/div><\/div><div class=\"elementor-repeater-item-0b736a7 swiper-slide\" role=\"group\" aria-roledescription=\"slide\"><div class=\"swiper-slide-bg\" role=\"img\" aria-label=\"04.03:Revue Wonder Fauna 28\"><\/div><div class=\"swiper-slide-inner\" ><div class=\"swiper-slide-contents\"><\/div><\/div><\/div><div class=\"elementor-repeater-item-f4bdd26 swiper-slide\" role=\"group\" aria-roledescription=\"slide\"><div class=\"swiper-slide-bg\" role=\"img\" aria-label=\"04.03:Revue Wonder Fauna 44\"><\/div><div class=\"swiper-slide-inner\" ><div class=\"swiper-slide-contents\"><\/div><\/div><\/div><div class=\"elementor-repeater-item-4729f36 swiper-slide\" role=\"group\" aria-roledescription=\"slide\"><div class=\"swiper-slide-bg\" role=\"img\" aria-label=\"04.03:Revue Wonder Fauna 51\"><\/div><div class=\"swiper-slide-inner\" ><div class=\"swiper-slide-contents\"><\/div><\/div><\/div>\t\t\t\t<\/div>\n\t\t\t\t\t\t\t\t\t\t\t\t\t\t\t<div class=\"elementor-swiper-button elementor-swiper-button-prev\" role=\"button\" tabindex=\"0\" aria-label=\"Diapositive pr\u00e9c\u00e9dente\">\n\t\t\t\t\t\t\t<i aria-hidden=\"true\" class=\"eicon-chevron-left\"><\/i>\t\t\t\t\t\t<\/div>\n\t\t\t\t\t\t<div class=\"elementor-swiper-button elementor-swiper-button-next\" role=\"button\" tabindex=\"0\" aria-label=\"Diapositive suivante\">\n\t\t\t\t\t\t\t<i aria-hidden=\"true\" class=\"eicon-chevron-right\"><\/i>\t\t\t\t\t\t<\/div>\n\t\t\t\t\t\t\t\t\t\t\t\t\t\t\t\t<div class=\"swiper-pagination\"><\/div>\n\t\t\t\t\t\t\t\t\t\t\t\t<\/div>\n\t\t\t\t<\/div>\n\t\t\t\t\t\t\t\t<\/div>\n\t\t\t\t<\/div>\n\t\t\t\t<div class=\"elementor-element elementor-element-9a006fc elementor-widget elementor-widget-text-editor\" data-id=\"9a006fc\" data-element_type=\"widget\" data-widget_type=\"text-editor.default\">\n\t\t\t\t<div class=\"elementor-widget-container\">\n\t\t\t\t\t\t\t\t\t<h4 style=\"font-family: var( --e-global-typography-primary-font-family ), Sans-serif; color: #090909;\" data-elementor-setting-key=\"title\" data-pen-placeholder=\"\u00c9crivez ici...\">Description<\/h4><div>\u00a0<\/div><p>La nature est si belle en Suisse qu&rsquo;elle ferait presque oublier que la biodiversit\u00e9 indig\u00e8ne est \u00e0 ce jour menac\u00e9e. Plus d&rsquo;un tiers des esp\u00e8ces animales et v\u00e9g\u00e9tales \u00e9tudi\u00e9es sont en danger ! En d\u00e9t\u00e9riorant la nature, l&rsquo;humain porte pourtant directement atteinte aux services \u00e9cosyst\u00e9miques, c\u2019est-\u00e0-dire aux services qui lui sont b\u00e9n\u00e9fiques, tels que la pollinisation, la purification de l&rsquo;air et de bien d\u2019autres bienfaits. Avec le changement climatique, l\u2019\u00e9rosion de la biodiversit\u00e9 repr\u00e9sente la plus grande crise \u00e9cologique de notre si\u00e8cle.<\/p><p>Cr\u00e9\u00e9e par la photographe Samantha Keller, la revue Wonder Fauna interroge sur les enjeux g\u00e9n\u00e9raux auxquels la Suisse fait face en mati\u00e8re de biodiversit\u00e9 et pr\u00e9sente les solutions existantes ou en devenir. Cet ouvrage illustr\u00e9 par plus d\u2019une soixantaine d\u2019images, est principalement r\u00e9dig\u00e9 sous la forme d\u2019interviews de sp\u00e9cialistes.<\/p><p>La revue Wonder Fauna s&rsquo;adresse \u00e0 un large public : \u00e9cologistes, touristes, entreprises, chercheurs, enseignants ou \u00e9tudiants. Wonder Fauna est certainement une revue \u00e0 ne pas manquer. Les b\u00e9n\u00e9fices li\u00e9s \u00e0 la vente de cette revue permettent de soutenir l&rsquo;ensemble des projets Wonder Fauna.<\/p><h4 style=\"font-family: var( --e-global-typography-primary-font-family ), Sans-serif; color: #090909;\" data-elementor-setting-key=\"title\" data-pen-placeholder=\"\u00c9crivez ici...\">\u00a0<\/h4><h4 style=\"font-family: var( --e-global-typography-primary-font-family ), Sans-serif; color: #090909;\" data-elementor-setting-key=\"title\" data-pen-placeholder=\"\u00c9crivez ici...\">Contenu<\/h4><div>\u00a0<\/div><ul><li><strong>Pr\u00e9face :\u00a0<\/strong>Dr Philippe Roch, ancien secr\u00e9taire d&rsquo;\u00c9tat suisse \u00e0 l&rsquo;Environnement<\/li><li><strong>\u00c9pilogue :\u00a0<\/strong>Jane Goodall, c\u00e9l\u00e8bre primatologue britannique<\/li><li><strong>12 interviews\u00a0<\/strong>de sp\u00e9cialistes ou de passionn\u00e9s d&rsquo;environnement<\/li><li><strong>4 textes<\/strong><span style=\"color: var( --e-global-color-f91b25d );\">\u00a0r\u00e9dig\u00e9s par des auteur.e.s locaux : Quentin Arnoux, auteur de l&rsquo;ouvrage \u00ab\u00a0Ecouter l&rsquo;Anthropoc\u00e8ne\u00a0\u00bb; Anne-Sophie Deville biologiste, docteure en \u00e9cologie et en biologie \u00e9volutive, collaboratrice scientifique au mus\u00e9e du L\u00e9man \u00e0 Nyon et co-autrice du livre \u00ab\u00a0Le Lac du cygne : histoire d\u02b9un oiseau blanc sur le L\u00e9man\u00a0\u00bb et Guillaume Th\u00e9bault, r\u00e9alisateur du film Futur d&rsquo;espoir et \u00e9tudiant agronome<\/span><\/li><li><strong>1 reportage photo \u00a0 \u00a0<\/strong><\/li><\/ul><p><b style=\"color: var( --e-global-color-f91b25d );\"> <\/b><span style=\"color: var( --e-global-color-f91b25d );\">\u00a0<\/span><span style=\"color: var( --e-global-color-f91b25d );\">\u00a0 \u00a0 \u00a0 \u00a0 \u00a0 \u00a0 \u00a0 \u00a0 \u00a0 \u00a0 \u00a0 \u00a0 \u00a0 \u00a0 \u00a0 \u00a0 \u00a0 \u00a0 \u00a0 \u00a0 \u00a0 \u00a0 \u00a0 \u00a0 \u00a0 \u00a0 \u00a0 \u00a0 \u00a0 \u00a0 \u00a0 \u00a0 \u00a0 \u00a0 \u00a0 \u00a0 \u00a0 \u00a0 \u00a0 \u00a0 \u00a0 \u00a0 \u00a0 <\/span><\/p><p><span style=\"color: var( --e-global-color-f91b25d );\"><b>Soutien : <\/b>Fondation Jan Michalski, Fondation Ernest Dubois et Fonds Smile Wave<\/span><\/p><p><b>Langue : <\/b>Fran\u00e7ais \/ 120 pages<\/p><p><b>ISBN :<\/b>\u00a0978-2-8399-3865-5<\/p>\t\t\t\t\t\t\t\t<\/div>\n\t\t\t\t<\/div>\n\t\t\t\t<div class=\"elementor-element elementor-element-03cf7c2 elementor-widget elementor-widget-text-editor\" data-id=\"03cf7c2\" data-element_type=\"widget\" data-widget_type=\"text-editor.default\">\n\t\t\t\t<div class=\"elementor-widget-container\">\n\t\t\t\t\t\t\t\t\t<p><span style=\"color: var( --e-global-color-f91b25d ); font-family: var( --e-global-typography-77e1812-font-family ), Sans-serif; font-size: var( --e-global-typography-77e1812-font-size ); letter-spacing: var( --e-global-typography-77e1812-letter-spacing ); word-spacing: var( --e-global-typography-77e1812-word-spacing );\">Pour toute question ou pour effectuer une commande, veuillez nous adresser un message \u00e0 <a href=\"\/en\/wonderfauna@gmail.com\/\">wonderfauna@gmail.com<\/a><\/span><\/p>\t\t\t\t\t\t\t\t<\/div>\n\t\t\t\t<\/div>\n\t\t\t\t<div class=\"elementor-element elementor-element-470bfbb elementor-tablet-align-center elementor-hidden-desktop elementor-hidden-tablet elementor-hidden-mobile elementor-widget elementor-widget-button\" data-id=\"470bfbb\" data-element_type=\"widget\" data-widget_type=\"button.default\">\n\t\t\t\t<div class=\"elementor-widget-container\">\n\t\t\t\t\t\t\t\t\t<div class=\"elementor-button-wrapper\">\n\t\t\t\t\t<a class=\"elementor-button elementor-button-link elementor-size-sm\" href=\"https:\/\/wonderfauna.payrexx.com\/pay?tid=c17b09d2\">\n\t\t\t\t\t\t<span class=\"elementor-button-content-wrapper\">\n\t\t\t\t\t\t\t\t\t<span class=\"elementor-button-text\">Commander<\/span>\n\t\t\t\t\t<\/span>\n\t\t\t\t\t<\/a>\n\t\t\t\t<\/div>\n\t\t\t\t\t\t\t\t<\/div>\n\t\t\t\t<\/div>\n\t\t\t\t<div class=\"elementor-element elementor-element-33d0b03 elementor-hidden-desktop elementor-hidden-tablet elementor-hidden-mobile elementor-widget elementor-widget-heading\" data-id=\"33d0b03\" data-element_type=\"widget\" data-widget_type=\"heading.default\">\n\t\t\t\t<div class=\"elementor-widget-container\">\n\t\t\t\t\t<h2 class=\"elementor-heading-title elementor-size-default\">25.00 CHF <\/h2>\t\t\t\t<\/div>\n\t\t\t\t<\/div>\n\t\t\t\t\t<\/div>\n\t\t<\/div>\n\t\t\t\t\t<\/div>\n\t\t<\/section>\n\t\t\t\t<\/div>","protected":false},"excerpt":{"rendered":"<p>La revue Wonder Fauna : la revue suisse d\u00e9di\u00e9e \u00e0 la biodiversit\u00e9 locale La nature perd ses ailes Disponible\u00a0 Date de parution : 06 mai 2023 Description \u00a0 La nature est si belle en Suisse qu&rsquo;elle ferait presque oublier que la biodiversit\u00e9 indig\u00e8ne est \u00e0 ce jour menac\u00e9e. Plus d&rsquo;un tiers des esp\u00e8ces animales et [&hellip;]<\/p>\n","protected":false},"author":1,"featured_media":31310,"parent":28902,"menu_order":1,"comment_status":"closed","ping_status":"closed","template":"elementor_header_footer","meta":{"_seopress_robots_primary_cat":"","_seopress_titles_title":"Revue Wonder Fauna : La nature perd ses ailes","_seopress_titles_desc":"Cr\u00e9\u00e9e par la photographe Samantha Keller, la revue Wonder Fauna interroge sur les enjeux g\u00e9n\u00e9raux auxquels la Suisse fait face en mati\u00e8re de biodiversit\u00e9 et pr\u00e9sente les solutions existantes ou en devenir. ","_seopress_robots_index":"","_seopress_analysis_target_kw":"","footnotes":""},"class_list":["post-28915","page","type-page","status-publish","has-post-thumbnail","hentry"],"_links":{"self":[{"href":"https:\/\/wonderfauna.org\/en\/wp-json\/wp\/v2\/pages\/28915","targetHints":{"allow":["GET"]}}],"collection":[{"href":"https:\/\/wonderfauna.org\/en\/wp-json\/wp\/v2\/pages"}],"about":[{"href":"https:\/\/wonderfauna.org\/en\/wp-json\/wp\/v2\/types\/page"}],"author":[{"embeddable":true,"href":"https:\/\/wonderfauna.org\/en\/wp-json\/wp\/v2\/users\/1"}],"replies":[{"embeddable":true,"href":"https:\/\/wonderfauna.org\/en\/wp-json\/wp\/v2\/comments?post=28915"}],"version-history":[{"count":223,"href":"https:\/\/wonderfauna.org\/en\/wp-json\/wp\/v2\/pages\/28915\/revisions"}],"predecessor-version":[{"id":32384,"href":"https:\/\/wonderfauna.org\/en\/wp-json\/wp\/v2\/pages\/28915\/revisions\/32384"}],"up":[{"embeddable":true,"href":"https:\/\/wonderfauna.org\/en\/wp-json\/wp\/v2\/pages\/28902"}],"wp:featuredmedia":[{"embeddable":true,"href":"https:\/\/wonderfauna.org\/en\/wp-json\/wp\/v2\/media\/31310"}],"wp:attachment":[{"href":"https:\/\/wonderfauna.org\/en\/wp-json\/wp\/v2\/media?parent=28915"}],"curies":[{"name":"wp","href":"https:\/\/api.w.org\/{rel}","templated":true}]}}