{"id":29731,"date":"2022-08-19T22:19:40","date_gmt":"2022-08-19T20:19:40","guid":{"rendered":"https:\/\/wonderfauna.org\/?page_id=29731"},"modified":"2023-01-07T11:08:13","modified_gmt":"2023-01-07T10:08:13","slug":"videos-films-documentaire","status":"publish","type":"page","link":"https:\/\/wonderfauna.org\/en\/nos-projets\/videos-films-documentaire\/","title":{"rendered":"Videos \/ documentary films"},"content":{"rendered":"\t\t<div data-elementor-type=\"wp-page\" data-elementor-id=\"29731\" class=\"elementor elementor-29731\" data-elementor-post-type=\"page\">\n\t\t\t\t\t\t<section class=\"elementor-section elementor-top-section elementor-element elementor-element-ae7313a elementor-section-height-min-height elementor-section-content-middle elementor-section-boxed elementor-section-height-default elementor-section-items-middle\" data-id=\"ae7313a\" data-element_type=\"section\" data-settings=\"{&quot;background_background&quot;:&quot;classic&quot;}\">\n\t\t\t\t\t\t\t<div class=\"elementor-background-overlay\"><\/div>\n\t\t\t\t\t\t\t<div class=\"elementor-container elementor-column-gap-no\">\n\t\t\t\t\t<div class=\"elementor-column elementor-col-50 elementor-top-column elementor-element elementor-element-4f26606\" data-id=\"4f26606\" data-element_type=\"column\">\n\t\t\t<div class=\"elementor-widget-wrap elementor-element-populated\">\n\t\t\t\t\t\t<div class=\"elementor-element elementor-element-16d91cd elementor-widget elementor-widget-heading\" data-id=\"16d91cd\" data-element_type=\"widget\" data-widget_type=\"heading.default\">\n\t\t\t\t<div class=\"elementor-widget-container\">\n\t\t\t\t\t<h5 class=\"elementor-heading-title elementor-size-default\">Documentaire<\/h5>\t\t\t\t<\/div>\n\t\t\t\t<\/div>\n\t\t\t\t<div class=\"elementor-element elementor-element-1192037 elementor-widget elementor-widget-heading\" data-id=\"1192037\" data-element_type=\"widget\" data-widget_type=\"heading.default\">\n\t\t\t\t<div class=\"elementor-widget-container\">\n\t\t\t\t\t<h2 class=\"elementor-heading-title elementor-size-default\">Pesticides en Suisse : un enjeu de taille<\/h2>\t\t\t\t<\/div>\n\t\t\t\t<\/div>\n\t\t\t\t<div class=\"elementor-element elementor-element-777a940 elementor-widget elementor-widget-text-editor\" data-id=\"777a940\" data-element_type=\"widget\" data-widget_type=\"text-editor.default\">\n\t\t\t\t<div class=\"elementor-widget-container\">\n\t\t\t\t\t\t\t\t\t<p><!-- \/wp:paragraph --><!-- wp:paragraph --><\/p>\n<p>R\u00e9alisation : Samantha Keller &#8211; <a href=\"http:\/\/kelsa-photographie.com\" target=\"_blank\" rel=\"noreferrer noopener\">Kelsa<\/a><\/p>\n<p>Avec le soutien de la <a href=\"https:\/\/fondationbataillard.ch\" target=\"_blank\" rel=\"noreferrer noopener\" data-type=\"URL\" data-id=\"https:\/\/fondationbataillard.ch\">Fondation Bataillard <\/a>et de\u00a0<a href=\"https:\/\/smile-wave.org\" target=\"_blank\" rel=\"noreferrer noopener\">Smile Wave Fund<\/a><\/p>\n<p><!-- \/wp:paragraph --><!-- wp:paragraph --><\/p>\t\t\t\t\t\t\t\t<\/div>\n\t\t\t\t<\/div>\n\t\t\t\t\t<\/div>\n\t\t<\/div>\n\t\t\t\t<div class=\"elementor-column elementor-col-50 elementor-top-column elementor-element elementor-element-2e907eb\" data-id=\"2e907eb\" data-element_type=\"column\">\n\t\t\t<div class=\"elementor-widget-wrap elementor-element-populated\">\n\t\t\t\t\t\t<div class=\"elementor-element elementor-element-bc04c1c elementor-widget elementor-widget-video\" data-id=\"bc04c1c\" data-element_type=\"widget\" data-settings=\"{&quot;show_image_overlay&quot;:&quot;yes&quot;,&quot;image_overlay&quot;:{&quot;url&quot;:&quot;https:\\\/\\\/wonderfauna.org\\\/wp-content\\\/uploads\\\/2022\\\/06\\\/Capture-decran-2022-06-10-a-11.31.43.png&quot;,&quot;id&quot;:29003,&quot;size&quot;:&quot;&quot;,&quot;alt&quot;:&quot;&quot;,&quot;source&quot;:&quot;library&quot;},&quot;lightbox&quot;:&quot;yes&quot;,&quot;youtube_url&quot;:&quot;https:\\\/\\\/www.youtube.com\\\/watch?v=f034ctMWJWs&quot;,&quot;video_type&quot;:&quot;youtube&quot;,&quot;controls&quot;:&quot;yes&quot;}\" data-widget_type=\"video.default\">\n\t\t\t\t<div class=\"elementor-widget-container\">\n\t\t\t\t\t\t\t<div class=\"elementor-wrapper elementor-open-lightbox\">\n\t\t\t\t\t\t\t<div class=\"elementor-custom-embed-image-overlay\" data-elementor-open-lightbox=\"yes\" data-elementor-lightbox=\"{&quot;type&quot;:&quot;video&quot;,&quot;videoType&quot;:&quot;youtube&quot;,&quot;url&quot;:&quot;https:\\\/\\\/www.youtube.com\\\/embed\\\/f034ctMWJWs?feature=oembed&amp;start&amp;end&amp;wmode=opaque&amp;loop=0&amp;controls=1&amp;mute=0&amp;rel=0&amp;cc_load_policy=0&quot;,&quot;autoplay&quot;:&quot;&quot;,&quot;modalOptions&quot;:{&quot;id&quot;:&quot;elementor-lightbox-bc04c1c&quot;,&quot;entranceAnimation&quot;:&quot;&quot;,&quot;entranceAnimation_tablet&quot;:&quot;&quot;,&quot;entranceAnimation_mobile&quot;:&quot;&quot;,&quot;videoAspectRatio&quot;:&quot;169&quot;}}\" data-e-action-hash=\"#elementor-action%3Aaction%3Dlightbox%26settings%3DeyJ0eXBlIjoidmlkZW8iLCJ2aWRlb1R5cGUiOiJ5b3V0dWJlIiwidXJsIjoiaHR0cHM6XC9cL3d3dy55b3V0dWJlLmNvbVwvZW1iZWRcL2YwMzRjdE1XSldzP2ZlYXR1cmU9b2VtYmVkJnN0YXJ0JmVuZCZ3bW9kZT1vcGFxdWUmbG9vcD0wJmNvbnRyb2xzPTEmbXV0ZT0wJnJlbD0wJmNjX2xvYWRfcG9saWN5PTAiLCJhdXRvcGxheSI6IiIsIm1vZGFsT3B0aW9ucyI6eyJpZCI6ImVsZW1lbnRvci1saWdodGJveC1iYzA0YzFjIiwiZW50cmFuY2VBbmltYXRpb24iOiIiLCJlbnRyYW5jZUFuaW1hdGlvbl90YWJsZXQiOiIiLCJlbnRyYW5jZUFuaW1hdGlvbl9tb2JpbGUiOiIiLCJ2aWRlb0FzcGVjdFJhdGlvIjoiMTY5In19\">\n\t\t\t\t\t\t\t\t\t\t\t<img fetchpriority=\"high\" decoding=\"async\" width=\"1692\" height=\"1124\" src=\"https:\/\/wonderfauna.org\/wp-content\/uploads\/2022\/06\/Capture-decran-2022-06-10-a-11.31.43.png\" class=\"attachment-full size-full wp-image-29003\" alt=\"\" srcset=\"https:\/\/wonderfauna.org\/wp-content\/uploads\/2022\/06\/Capture-decran-2022-06-10-a-11.31.43.png 1692w, https:\/\/wonderfauna.org\/wp-content\/uploads\/2022\/06\/Capture-decran-2022-06-10-a-11.31.43-300x199.png 300w, https:\/\/wonderfauna.org\/wp-content\/uploads\/2022\/06\/Capture-decran-2022-06-10-a-11.31.43-1024x680.png 1024w, https:\/\/wonderfauna.org\/wp-content\/uploads\/2022\/06\/Capture-decran-2022-06-10-a-11.31.43-768x510.png 768w, https:\/\/wonderfauna.org\/wp-content\/uploads\/2022\/06\/Capture-decran-2022-06-10-a-11.31.43-1536x1020.png 1536w\" sizes=\"(max-width: 1692px) 100vw, 1692px\" \/>\t\t\t\t\t\t\t\t\t\t\t\t\t\t\t\t<div class=\"elementor-custom-embed-play\" role=\"button\" aria-label=\"Play Video\" tabindex=\"0\">\n\t\t\t\t\t\t\t<i aria-hidden=\"true\" class=\"eicon-play\"><\/i>\t\t\t\t\t\t<\/div>\n\t\t\t\t\t\t\t\t\t<\/div>\n\t\t\t\t\t<\/div>\n\t\t\t\t\t\t<\/div>\n\t\t\t\t<\/div>\n\t\t\t\t\t<\/div>\n\t\t<\/div>\n\t\t\t\t\t<\/div>\n\t\t<\/section>\n\t\t\t\t<section class=\"elementor-section elementor-top-section elementor-element elementor-element-1f134a6 elementor-section-boxed elementor-section-height-default elementor-section-height-default\" data-id=\"1f134a6\" data-element_type=\"section\">\n\t\t\t\t\t\t<div class=\"elementor-container elementor-column-gap-no\">\n\t\t\t\t\t<div class=\"elementor-column elementor-col-100 elementor-top-column elementor-element elementor-element-dda14cd\" data-id=\"dda14cd\" data-element_type=\"column\">\n\t\t\t<div class=\"elementor-widget-wrap elementor-element-populated\">\n\t\t\t\t\t\t<div class=\"elementor-element elementor-element-909e43a elementor-widget elementor-widget-spacer\" data-id=\"909e43a\" data-element_type=\"widget\" data-widget_type=\"spacer.default\">\n\t\t\t\t<div class=\"elementor-widget-container\">\n\t\t\t\t\t\t\t<div class=\"elementor-spacer\">\n\t\t\t<div class=\"elementor-spacer-inner\"><\/div>\n\t\t<\/div>\n\t\t\t\t\t\t<\/div>\n\t\t\t\t<\/div>\n\t\t\t\t<div class=\"elementor-element elementor-element-8c4efcd elementor-widget elementor-widget-text-editor\" data-id=\"8c4efcd\" data-element_type=\"widget\" data-widget_type=\"text-editor.default\">\n\t\t\t\t<div class=\"elementor-widget-container\">\n\t\t\t\t\t\t\t\t\t<h3><strong>Mai 2022 : Parution du premier film documentaire Wonder Fauna<\/strong> <strong>sur Youtube<\/strong><\/h3>\n<p><!-- \/wp:paragraph --><!-- wp:paragraph --><\/p>\n<p>\u00ab\u00a0Point\u00e9s du doigt par de nombreux scientifiques ind\u00e9pendants comme \u00e9tant l&rsquo;une des causes principales du d\u00e9clin des insectes, les pesticides de synth\u00e8se donnent mati\u00e8re \u00e0 r\u00e9flexion. En trente ans, la biomasse, des insectes a chut\u00e9 de plus de 75 % ! Depuis sept mois, l&rsquo;\u00e9quipe de Wonder Fauna se questionne sur les nombreux enjeux que soul\u00e8vent l&rsquo;<a href=\"https:\/\/www.facebook.com\/vieoupoison.ch?__cft__[0]=AZXBmkhnDxhwgFOtft1U6epxWd3P1YCxUtuP7CliDY3JU_OfXZto9daxgX5jJZ-1tf--DEjHNVMLeWDYY6xUggXM7963KnaUCfDML8FWe7Llgl0DKK196NHMOWWwX9JinKt5aHog66UubYvlo8b-jkQgOvWooJl0QlJMrImOTQkn6LNMgxIFtK3AC_SB9vfWIS576cYbZwdkiavMVzcIk0rB&amp;__tn__=-]K-R\">Initiative \u00ab\u00a0Pour une Suisse libre de pesticides de synth\u00e8se\u00a0\u00bb<\/a>. Pouvons-nous r\u00e9ellement nous passer de ces mol\u00e9cules artificielles ? Pour en avoir le coeur net, nous sommes all\u00e9s sur le terrain interviewer biologistes, m\u00e9decins, apiculteurs et agriculteurs en leur questionnant sur les effets des pesticides de synth\u00e8se sur le vivant et l&rsquo;usage des pesticides au sein de l&rsquo;agriculture.\u00a0\u00bb<\/p>\t\t\t\t\t\t\t\t<\/div>\n\t\t\t\t<\/div>\n\t\t\t\t<div class=\"elementor-element elementor-element-1495140 elementor-widget elementor-widget-text-editor\" data-id=\"1495140\" data-element_type=\"widget\" data-widget_type=\"text-editor.default\">\n\t\t\t\t<div class=\"elementor-widget-container\">\n\t\t\t\t\t\t\t\t\t<p><strong>Avec la participation de :<\/strong><\/p>\n<p>Timoth\u00e9e Steiner, Vincent Chabloz, Marc Pr\u00e9bandier et <a href=\"https:\/\/www.dahu.bio\/films\/la-clef-des-terroirs\/guillaume-bodin\" target=\"_blank\" rel=\"noreferrer noopener\">Guillaume Bodin<\/a><\/p>\n<p><!-- \/wp:paragraph --><!-- wp:paragraph --><\/p>\n<p><!-- \/wp:paragraph --><!-- wp:paragraph --><\/p>\n<p>Illustrations anim\u00e9es : <a href=\"https:\/\/www.facebook.com\/etiennefranceyphoto?__cft__[0]=AZXBmkhnDxhwgFOtft1U6epxWd3P1YCxUtuP7CliDY3JU_OfXZto9daxgX5jJZ-1tf--DEjHNVMLeWDYY6xUggXM7963KnaUCfDML8FWe7Llgl0DKK196NHMOWWwX9JinKt5aHog66UubYvlo8b-jkQgOvWooJl0QlJMrImOTQkn6LNMgxIFtK3AC_SB9vfWIS576cYbZwdkiavMVzcIk0rB&amp;__tn__=-]K-R\" target=\"_blank\" rel=\"noreferrer noopener\">Etienne Francey<\/a><\/p>\n<p><!-- \/wp:paragraph --><!-- wp:paragraph --><\/p>\n<p>Mixage : Studio <a href=\"https:\/\/www.facebook.com\/tortionstudio\/?__cft__[0]=AZXBmkhnDxhwgFOtft1U6epxWd3P1YCxUtuP7CliDY3JU_OfXZto9daxgX5jJZ-1tf--DEjHNVMLeWDYY6xUggXM7963KnaUCfDML8FWe7Llgl0DKK196NHMOWWwX9JinKt5aHog66UubYvlo8b-jkQgOvWooJl0QlJMrImOTQkn6LNMgxIFtK3AC_SB9vfWIS576cYbZwdkiavMVzcIk0rB&amp;__tn__=kK-R\" target=\"_blank\" rel=\"noreferrer noopener\">Tortion.<\/a><\/p>\n<p><!-- \/wp:paragraph --><!-- wp:paragraph --><\/p>\n<p>Remerciements : \u00c0\u00a0<a href=\"https:\/\/futurdespoir-lefilm.com\" target=\"_blank\" rel=\"noreferrer noopener\">Guillaume Th\u00e9bault<\/a>, Colin Pillet, Etienne Francey, Marie-Antoinette Gilson, Timoth\u00e9e Steiner, Marc Pr\u00e9bandier, Vincent Chabloz, Guillaume Bodin, Etienne, Edward, Alexandre, Julien, Anne-Sophie, Tobias, Selina, Marine et Studio Tortion &#8211; Julien Michel.<\/p>\n<p><!-- \/wp:paragraph --><!-- wp:paragraph --><\/p>\n<p>Intervenants : Daniel Cherix, Edward Mitchell, Alexandre Aebi, Jean-Denis Perrochet, L\u00e9onard Dorsaz, Reymond Sitthided, Fr\u00e9d\u00e9ric Carron, Loic Bardet, Vanessa Renfer, Marc Treboux, <a href=\"https:\/\/www.lacolombe.ch\" target=\"_blank\" rel=\"noreferrer noopener\">Laura Paccot<\/a> et <a href=\"https:\/\/www.lacolombe.ch\">Raymond Paccot<\/a>.<\/p>\t\t\t\t\t\t\t\t<\/div>\n\t\t\t\t<\/div>\n\t\t\t\t\t<\/div>\n\t\t<\/div>\n\t\t\t\t\t<\/div>\n\t\t<\/section>\n\t\t\t\t<\/div>\n\t\t","protected":false},"excerpt":{"rendered":"<p>Documentaire Pesticides en Suisse : un enjeu de taille R\u00e9alisation : Samantha Keller &#8211; Kelsa Avec le soutien de la Fondation Bataillard et de\u00a0Smile Wave Fund https:\/\/www.youtube.com\/watch?v=f034ctMWJWs Mai 2022 : Parution du premier film documentaire Wonder Fauna sur Youtube \u00ab\u00a0Point\u00e9s du doigt par de nombreux scientifiques ind\u00e9pendants comme \u00e9tant l&rsquo;une des causes principales du d\u00e9clin [&hellip;]<\/p>\n","protected":false},"author":1,"featured_media":0,"parent":28902,"menu_order":0,"comment_status":"closed","ping_status":"closed","template":"elementor_header_footer","meta":{"_seopress_robots_primary_cat":"","_seopress_titles_title":"","_seopress_titles_desc":"","_seopress_robots_index":"","_seopress_analysis_target_kw":"","footnotes":""},"class_list":["post-29731","page","type-page","status-publish","hentry"],"_links":{"self":[{"href":"https:\/\/wonderfauna.org\/en\/wp-json\/wp\/v2\/pages\/29731","targetHints":{"allow":["GET"]}}],"collection":[{"href":"https:\/\/wonderfauna.org\/en\/wp-json\/wp\/v2\/pages"}],"about":[{"href":"https:\/\/wonderfauna.org\/en\/wp-json\/wp\/v2\/types\/page"}],"author":[{"embeddable":true,"href":"https:\/\/wonderfauna.org\/en\/wp-json\/wp\/v2\/users\/1"}],"replies":[{"embeddable":true,"href":"https:\/\/wonderfauna.org\/en\/wp-json\/wp\/v2\/comments?post=29731"}],"version-history":[{"count":62,"href":"https:\/\/wonderfauna.org\/en\/wp-json\/wp\/v2\/pages\/29731\/revisions"}],"predecessor-version":[{"id":31209,"href":"https:\/\/wonderfauna.org\/en\/wp-json\/wp\/v2\/pages\/29731\/revisions\/31209"}],"up":[{"embeddable":true,"href":"https:\/\/wonderfauna.org\/en\/wp-json\/wp\/v2\/pages\/28902"}],"wp:attachment":[{"href":"https:\/\/wonderfauna.org\/en\/wp-json\/wp\/v2\/media?parent=29731"}],"curies":[{"name":"wp","href":"https:\/\/api.w.org\/{rel}","templated":true}]}}