{"id":29739,"date":"2022-08-19T22:23:31","date_gmt":"2022-08-19T20:23:31","guid":{"rendered":"https:\/\/wonderfauna.org\/?page_id=29739"},"modified":"2022-12-31T10:45:39","modified_gmt":"2022-12-31T09:45:39","slug":"close-up-sur-les-associations-suisses","status":"publish","type":"page","link":"https:\/\/wonderfauna.org\/en\/je-minforme\/close-up-sur-les-associations-suisses\/","title":{"rendered":"Close up on Swiss Associations"},"content":{"rendered":"<div data-elementor-type=\"wp-page\" data-elementor-id=\"29739\" class=\"elementor elementor-29739\" data-elementor-post-type=\"page\">\n\t\t\t\t\t\t<section class=\"elementor-section elementor-top-section elementor-element elementor-element-7211249 elementor-section-height-min-height elementor-section-boxed elementor-section-height-default elementor-section-items-middle\" data-id=\"7211249\" data-element_type=\"section\" data-settings=\"{&quot;background_background&quot;:&quot;classic&quot;}\">\n\t\t\t\t\t\t<div class=\"elementor-container elementor-column-gap-no\">\n\t\t\t\t\t<div class=\"elementor-column elementor-col-100 elementor-top-column elementor-element elementor-element-f4ea993\" data-id=\"f4ea993\" data-element_type=\"column\">\n\t\t\t<div class=\"elementor-widget-wrap elementor-element-populated\">\n\t\t\t\t\t\t<div class=\"elementor-element elementor-element-7ca55a7 elementor-widget elementor-widget-heading\" data-id=\"7ca55a7\" data-element_type=\"widget\" data-widget_type=\"heading.default\">\n\t\t\t\t<div class=\"elementor-widget-container\">\n\t\t\t\t\t<p class=\"elementor-heading-title elementor-size-default\">Nos derniers articles<\/p>\t\t\t\t<\/div>\n\t\t\t\t<\/div>\n\t\t\t\t<div class=\"elementor-element elementor-element-2ac07c1 elementor-widget elementor-widget-button\" data-id=\"2ac07c1\" data-element_type=\"widget\" data-widget_type=\"button.default\">\n\t\t\t\t<div class=\"elementor-widget-container\">\n\t\t\t\t\t\t\t\t\t<div class=\"elementor-button-wrapper\">\n\t\t\t\t\t<a class=\"elementor-button elementor-size-xs\" role=\"button\">\n\t\t\t\t\t\t<span class=\"elementor-button-content-wrapper\">\n\t\t\t\t\t\t\t\t\t<span class=\"elementor-button-text\">Biodiversit\u00e9<\/span>\n\t\t\t\t\t<\/span>\n\t\t\t\t\t<\/a>\n\t\t\t\t<\/div>\n\t\t\t\t\t\t\t\t<\/div>\n\t\t\t\t<\/div>\n\t\t\t\t<div class=\"elementor-element elementor-element-f1fb5f4 elementor-grid-2 elementor-grid-tablet-2 elementor-grid-mobile-1 elementor-posts--thumbnail-top elementor-widget elementor-widget-posts\" data-id=\"f1fb5f4\" data-element_type=\"widget\" data-settings=\"{&quot;classic_masonry&quot;:&quot;yes&quot;,&quot;classic_columns&quot;:&quot;2&quot;,&quot;classic_columns_tablet&quot;:&quot;2&quot;,&quot;classic_columns_mobile&quot;:&quot;1&quot;,&quot;classic_row_gap&quot;:{&quot;unit&quot;:&quot;px&quot;,&quot;size&quot;:35,&quot;sizes&quot;:[]},&quot;classic_row_gap_tablet&quot;:{&quot;unit&quot;:&quot;px&quot;,&quot;size&quot;:&quot;&quot;,&quot;sizes&quot;:[]},&quot;classic_row_gap_mobile&quot;:{&quot;unit&quot;:&quot;px&quot;,&quot;size&quot;:&quot;&quot;,&quot;sizes&quot;:[]}}\" data-widget_type=\"posts.classic\">\n\t\t\t\t<div class=\"elementor-widget-container\">\n\t\t\t\t\t\t\t<div class=\"elementor-posts-container elementor-posts elementor-posts--skin-classic elementor-grid\" role=\"list\">\n\t\t\t\t<article class=\"elementor-post elementor-grid-item post-32316 post type-post status-publish format-standard has-post-thumbnail hentry category-biodiversite category-les-scientifiques-en-parlent category-portrait category-science\" role=\"listitem\">\n\t\t\t\t<a class=\"elementor-post__thumbnail__link\" href=\"https:\/\/wonderfauna.org\/en\/pierre-loria-et-le-royaume-des-araignees\/\" tabindex=\"-1\" >\n\t\t\t<div class=\"elementor-post__thumbnail\"><img fetchpriority=\"high\" decoding=\"async\" width=\"2560\" height=\"1707\" src=\"https:\/\/wonderfauna.org\/wp-content\/uploads\/2026\/02\/PierreLoria_SamanthaKeller10-scaled.jpg\" class=\"attachment-full size-full wp-image-32337\" alt=\"Pierre Loria analysant des sp\u00e9cimens d&#039;araign\u00e9es \u00e0 la loupe binoculaire\" srcset=\"https:\/\/wonderfauna.org\/wp-content\/uploads\/2026\/02\/PierreLoria_SamanthaKeller10-scaled.jpg 2560w, https:\/\/wonderfauna.org\/wp-content\/uploads\/2026\/02\/PierreLoria_SamanthaKeller10-300x200.jpg 300w, https:\/\/wonderfauna.org\/wp-content\/uploads\/2026\/02\/PierreLoria_SamanthaKeller10-1024x683.jpg 1024w, https:\/\/wonderfauna.org\/wp-content\/uploads\/2026\/02\/PierreLoria_SamanthaKeller10-768x512.jpg 768w, https:\/\/wonderfauna.org\/wp-content\/uploads\/2026\/02\/PierreLoria_SamanthaKeller10-1536x1024.jpg 1536w, https:\/\/wonderfauna.org\/wp-content\/uploads\/2026\/02\/PierreLoria_SamanthaKeller10-2048x1365.jpg 2048w, https:\/\/wonderfauna.org\/wp-content\/uploads\/2026\/02\/PierreLoria_SamanthaKeller10-18x12.jpg 18w\" sizes=\"(max-width: 2560px) 100vw, 2560px\" \/><\/div>\n\t\t<\/a>\n\t\t\t\t<div class=\"elementor-post__text\">\n\t\t\t\t<h3 class=\"elementor-post__title\">\n\t\t\t<a href=\"https:\/\/wonderfauna.org\/en\/pierre-loria-et-le-royaume-des-araignees\/\" >\n\t\t\t\tPierre Loria et le royaume des araign\u00e9es\t\t\t<\/a>\n\t\t<\/h3>\n\t\t\t\t<div class=\"elementor-post__excerpt\">\n\t\t\t<p>Pierre Loria est l\u2019un des rares arachnologues de Suisse romande. Entre le laboratoire et la nature, il collecte et \u00e9tudie ces cr\u00e9atures ing\u00e9nieuses et fascinantes, pourtant mal per\u00e7ues par le grand public. Face \u00e0 tous les pr\u00e9jug\u00e9s, la science contre-attaque. Interview.<\/p>\n\t\t<\/div>\n\t\t\n\t\t<a class=\"elementor-post__read-more\" href=\"https:\/\/wonderfauna.org\/en\/pierre-loria-et-le-royaume-des-araignees\/\" aria-label=\"Read more about Pierre Loria et le royaume des araign\u00e9es\" tabindex=\"-1\" >\n\t\t\tLire la suite\t\t<\/a>\n\n\t\t\t\t<\/div>\n\t\t\t\t<\/article>\n\t\t\t\t<article class=\"elementor-post elementor-grid-item post-32262 post type-post status-publish format-standard has-post-thumbnail hentry category-biodiversite category-portrait\" role=\"listitem\">\n\t\t\t\t<a class=\"elementor-post__thumbnail__link\" href=\"https:\/\/wonderfauna.org\/en\/quand-lobjectif-devient-pinceau-les-usages-photographiques-detienne-francey\/\" tabindex=\"-1\" >\n\t\t\t<div class=\"elementor-post__thumbnail\"><img decoding=\"async\" width=\"2000\" height=\"1500\" data-src=\"https:\/\/wonderfauna.org\/wp-content\/uploads\/2026\/02\/1.jpg\" class=\"attachment-full size-full wp-image-32276 lazyload\" alt=\"Etudes Florales \/ \u00a9 Etienne Francey\" data-srcset=\"https:\/\/wonderfauna.org\/wp-content\/uploads\/2026\/02\/1.jpg 2000w, https:\/\/wonderfauna.org\/wp-content\/uploads\/2026\/02\/1-300x225.jpg 300w, https:\/\/wonderfauna.org\/wp-content\/uploads\/2026\/02\/1-1024x768.jpg 1024w, https:\/\/wonderfauna.org\/wp-content\/uploads\/2026\/02\/1-768x576.jpg 768w, https:\/\/wonderfauna.org\/wp-content\/uploads\/2026\/02\/1-1536x1152.jpg 1536w, https:\/\/wonderfauna.org\/wp-content\/uploads\/2026\/02\/1-16x12.jpg 16w\" data-sizes=\"(max-width: 2000px) 100vw, 2000px\" src=\"data:image\/svg+xml;base64,PHN2ZyB3aWR0aD0iMSIgaGVpZ2h0PSIxIiB4bWxucz0iaHR0cDovL3d3dy53My5vcmcvMjAwMC9zdmciPjwvc3ZnPg==\" style=\"--smush-placeholder-width: 2000px; --smush-placeholder-aspect-ratio: 2000\/1500;\" \/><\/div>\n\t\t<\/a>\n\t\t\t\t<div class=\"elementor-post__text\">\n\t\t\t\t<h3 class=\"elementor-post__title\">\n\t\t\t<a href=\"https:\/\/wonderfauna.org\/en\/quand-lobjectif-devient-pinceau-les-usages-photographiques-detienne-francey\/\" >\n\t\t\t\tQuand l\u2019objectif devient pinceau. Les usages photographiques d\u2019\u00c9tienne Francey.\t\t\t<\/a>\n\t\t<\/h3>\n\t\t\t\t<div class=\"elementor-post__excerpt\">\n\t\t\t<p>Dans un monde satur\u00e9 d\u2019images, domin\u00e9 par la nettet\u00e9 et la lisibilit\u00e9 imm\u00e9diate, la d\u00e9marche photographique du Fribourgeois \u00c9tienne Francey invite \u00e0 un autre r\u00e9gime du regard. Ses clich\u00e9s ne produisent aucune \u00e9vidence, mais interrogent la mani\u00e8re dont la perception se construit, h\u00e9site et se transforme. \u00c0 la crois\u00e9e de la photographie et de la peinture, son \u0153uvre promet une exp\u00e9rience sensible, compos\u00e9e de lumi\u00e8res instables, de couleurs diffuses et de formes insaisissables. Une douce po\u00e9sie pour les yeux.<\/p>\n\t\t<\/div>\n\t\t\n\t\t<a class=\"elementor-post__read-more\" href=\"https:\/\/wonderfauna.org\/en\/quand-lobjectif-devient-pinceau-les-usages-photographiques-detienne-francey\/\" aria-label=\"Read more about Quand l\u2019objectif devient pinceau. Les usages photographiques d\u2019\u00c9tienne Francey.\" tabindex=\"-1\" >\n\t\t\tLire la suite\t\t<\/a>\n\n\t\t\t\t<\/div>\n\t\t\t\t<\/article>\n\t\t\t\t<\/div>\n\t\t\n\t\t\t\t\t\t<\/div>\n\t\t\t\t<\/div>\n\t\t\t\t\t<\/div>\n\t\t<\/div>\n\t\t\t\t\t<\/div>\n\t\t<\/section>\n\t\t\t\t<section class=\"elementor-section elementor-top-section elementor-element elementor-element-288b221 elementor-section-height-min-height elementor-section-boxed elementor-section-height-default elementor-section-items-middle\" data-id=\"288b221\" data-element_type=\"section\">\n\t\t\t\t\t\t<div class=\"elementor-container elementor-column-gap-no\">\n\t\t\t\t\t<div class=\"elementor-column elementor-col-100 elementor-top-column elementor-element elementor-element-305f896\" data-id=\"305f896\" data-element_type=\"column\">\n\t\t\t<div class=\"elementor-widget-wrap elementor-element-populated\">\n\t\t\t\t\t\t<div class=\"elementor-element elementor-element-f6aa6cf elementor-grid-3 elementor-grid-tablet-2 elementor-grid-mobile-1 elementor-posts--thumbnail-top elementor-widget elementor-widget-posts\" data-id=\"f6aa6cf\" data-element_type=\"widget\" data-settings=\"{&quot;classic_masonry&quot;:&quot;yes&quot;,&quot;classic_columns&quot;:&quot;3&quot;,&quot;classic_columns_tablet&quot;:&quot;2&quot;,&quot;classic_columns_mobile&quot;:&quot;1&quot;,&quot;classic_row_gap&quot;:{&quot;unit&quot;:&quot;px&quot;,&quot;size&quot;:35,&quot;sizes&quot;:[]},&quot;classic_row_gap_tablet&quot;:{&quot;unit&quot;:&quot;px&quot;,&quot;size&quot;:&quot;&quot;,&quot;sizes&quot;:[]},&quot;classic_row_gap_mobile&quot;:{&quot;unit&quot;:&quot;px&quot;,&quot;size&quot;:&quot;&quot;,&quot;sizes&quot;:[]}}\" data-widget_type=\"posts.classic\">\n\t\t\t\t<div class=\"elementor-widget-container\">\n\t\t\t\t\t\t\t<div class=\"elementor-posts-container elementor-posts elementor-posts--skin-classic elementor-grid\" role=\"list\">\n\t\t\t\t<article class=\"elementor-post elementor-grid-item post-32202 post type-post status-publish format-standard has-post-thumbnail hentry category-biodiversite category-portrait\" role=\"listitem\">\n\t\t\t\t<a class=\"elementor-post__thumbnail__link\" href=\"https:\/\/wonderfauna.org\/en\/samuel-butzer-une-passion-qui-combine-photographie-et-nature\/\" tabindex=\"-1\" >\n\t\t\t<div class=\"elementor-post__thumbnail\"><img decoding=\"async\" width=\"2560\" height=\"1707\" data-src=\"https:\/\/wonderfauna.org\/wp-content\/uploads\/2026\/01\/SamuelButzer_SK34-scaled.jpg\" class=\"attachment-full size-full wp-image-32206 lazyload\" alt=\"Samuel Burtzer \u00a9Samantha Keller\/WonderFauna\" data-srcset=\"https:\/\/wonderfauna.org\/wp-content\/uploads\/2026\/01\/SamuelButzer_SK34-scaled.jpg 2560w, https:\/\/wonderfauna.org\/wp-content\/uploads\/2026\/01\/SamuelButzer_SK34-300x200.jpg 300w, https:\/\/wonderfauna.org\/wp-content\/uploads\/2026\/01\/SamuelButzer_SK34-1024x683.jpg 1024w, https:\/\/wonderfauna.org\/wp-content\/uploads\/2026\/01\/SamuelButzer_SK34-768x512.jpg 768w, https:\/\/wonderfauna.org\/wp-content\/uploads\/2026\/01\/SamuelButzer_SK34-1536x1024.jpg 1536w, https:\/\/wonderfauna.org\/wp-content\/uploads\/2026\/01\/SamuelButzer_SK34-2048x1366.jpg 2048w, https:\/\/wonderfauna.org\/wp-content\/uploads\/2026\/01\/SamuelButzer_SK34-18x12.jpg 18w\" data-sizes=\"(max-width: 2560px) 100vw, 2560px\" src=\"data:image\/svg+xml;base64,PHN2ZyB3aWR0aD0iMSIgaGVpZ2h0PSIxIiB4bWxucz0iaHR0cDovL3d3dy53My5vcmcvMjAwMC9zdmciPjwvc3ZnPg==\" style=\"--smush-placeholder-width: 2560px; --smush-placeholder-aspect-ratio: 2560\/1707;\" \/><\/div>\n\t\t<\/a>\n\t\t\t\t<div class=\"elementor-post__text\">\n\t\t\t\t<h3 class=\"elementor-post__title\">\n\t\t\t<a href=\"https:\/\/wonderfauna.org\/en\/samuel-butzer-une-passion-qui-combine-photographie-et-nature\/\" >\n\t\t\t\tSamuel Butzer\u00a0: Une passion qui combine photographie et nature\t\t\t<\/a>\n\t\t<\/h3>\n\t\t\t\t<div class=\"elementor-post__excerpt\">\n\t\t\t<p>Photographe de profession, le Genevois Samuel Butzer aime \u00e9galement s\u2019aventurer hors des studios pour observer, dans les profondeurs foresti\u00e8res ou au sommet des montagnes, les animaux \u00e0 sang froid.<\/p>\n\t\t<\/div>\n\t\t\n\t\t<a class=\"elementor-post__read-more\" href=\"https:\/\/wonderfauna.org\/en\/samuel-butzer-une-passion-qui-combine-photographie-et-nature\/\" aria-label=\"Read more about Samuel Butzer\u00a0: Une passion qui combine photographie et nature\" tabindex=\"-1\" >\n\t\t\tLire la suite\t\t<\/a>\n\n\t\t\t\t<\/div>\n\t\t\t\t<\/article>\n\t\t\t\t<article class=\"elementor-post elementor-grid-item post-32102 post type-post status-publish format-standard has-post-thumbnail hentry category-biodiversite category-portrait\" role=\"listitem\">\n\t\t\t\t<a class=\"elementor-post__thumbnail__link\" href=\"https:\/\/wonderfauna.org\/en\/samuel-nugues-la-foret-a-travers-lobjectif\/\" tabindex=\"-1\" >\n\t\t\t<div class=\"elementor-post__thumbnail\"><img decoding=\"async\" width=\"2268\" height=\"1512\" data-src=\"https:\/\/wonderfauna.org\/wp-content\/uploads\/2024\/10\/\u00a9Samuel-Nugues-6.jpg\" class=\"attachment-full size-full wp-image-32117 lazyload\" alt=\"\" data-srcset=\"https:\/\/wonderfauna.org\/wp-content\/uploads\/2024\/10\/\u00a9Samuel-Nugues-6.jpg 2268w, https:\/\/wonderfauna.org\/wp-content\/uploads\/2024\/10\/\u00a9Samuel-Nugues-6-300x200.jpg 300w, https:\/\/wonderfauna.org\/wp-content\/uploads\/2024\/10\/\u00a9Samuel-Nugues-6-1024x683.jpg 1024w, https:\/\/wonderfauna.org\/wp-content\/uploads\/2024\/10\/\u00a9Samuel-Nugues-6-768x512.jpg 768w, https:\/\/wonderfauna.org\/wp-content\/uploads\/2024\/10\/\u00a9Samuel-Nugues-6-1536x1024.jpg 1536w, https:\/\/wonderfauna.org\/wp-content\/uploads\/2024\/10\/\u00a9Samuel-Nugues-6-2048x1365.jpg 2048w, https:\/\/wonderfauna.org\/wp-content\/uploads\/2024\/10\/\u00a9Samuel-Nugues-6-18x12.jpg 18w\" data-sizes=\"(max-width: 2268px) 100vw, 2268px\" src=\"data:image\/svg+xml;base64,PHN2ZyB3aWR0aD0iMSIgaGVpZ2h0PSIxIiB4bWxucz0iaHR0cDovL3d3dy53My5vcmcvMjAwMC9zdmciPjwvc3ZnPg==\" style=\"--smush-placeholder-width: 2268px; --smush-placeholder-aspect-ratio: 2268\/1512;\" \/><\/div>\n\t\t<\/a>\n\t\t\t\t<div class=\"elementor-post__text\">\n\t\t\t\t<h3 class=\"elementor-post__title\">\n\t\t\t<a href=\"https:\/\/wonderfauna.org\/en\/samuel-nugues-la-foret-a-travers-lobjectif\/\" >\n\t\t\t\tSamuel Nugues : la for\u00eat \u00e0 travers l\u2019objectif\u00a0\t\t\t<\/a>\n\t\t<\/h3>\n\t\t\t\t<div class=\"elementor-post__excerpt\">\n\t\t\t<p>En novembre prochain, le festival Naturellement Doubs (FR) accueille le photographe morgien Samuel Nugues. Tout en finesse, ses clich\u00e9s c\u00e9l\u00e8brent la beaut\u00e9 du vivant.  <\/p>\n\t\t<\/div>\n\t\t\n\t\t<a class=\"elementor-post__read-more\" href=\"https:\/\/wonderfauna.org\/en\/samuel-nugues-la-foret-a-travers-lobjectif\/\" aria-label=\"Read more about Samuel Nugues : la for\u00eat \u00e0 travers l\u2019objectif\u00a0\" tabindex=\"-1\" >\n\t\t\tLire la suite\t\t<\/a>\n\n\t\t\t\t<\/div>\n\t\t\t\t<\/article>\n\t\t\t\t<article class=\"elementor-post elementor-grid-item post-31994 post type-post status-publish format-standard has-post-thumbnail hentry category-agriculture category-biodiversite category-portrait\" role=\"listitem\">\n\t\t\t\t<a class=\"elementor-post__thumbnail__link\" href=\"https:\/\/wonderfauna.org\/en\/domaine-la-colombe-la-biodynamie-cle-de-vitalite-dans-les-vignes\/\" tabindex=\"-1\" >\n\t\t\t<div class=\"elementor-post__thumbnail\"><img decoding=\"async\" width=\"1400\" height=\"932\" data-src=\"https:\/\/wonderfauna.org\/wp-content\/uploads\/2024\/08\/LauraPaccot_KELSA7.jpg\" class=\"attachment-full size-full wp-image-32040 lazyload\" alt=\"Laura Paccot photographi\u00e9e au domaine La Colombe \u2013 \u00a9 KELSA\" data-srcset=\"https:\/\/wonderfauna.org\/wp-content\/uploads\/2024\/08\/LauraPaccot_KELSA7.jpg 1400w, https:\/\/wonderfauna.org\/wp-content\/uploads\/2024\/08\/LauraPaccot_KELSA7-300x200.jpg 300w, https:\/\/wonderfauna.org\/wp-content\/uploads\/2024\/08\/LauraPaccot_KELSA7-1024x682.jpg 1024w, https:\/\/wonderfauna.org\/wp-content\/uploads\/2024\/08\/LauraPaccot_KELSA7-768x511.jpg 768w, https:\/\/wonderfauna.org\/wp-content\/uploads\/2024\/08\/LauraPaccot_KELSA7-18x12.jpg 18w\" data-sizes=\"(max-width: 1400px) 100vw, 1400px\" src=\"data:image\/svg+xml;base64,PHN2ZyB3aWR0aD0iMSIgaGVpZ2h0PSIxIiB4bWxucz0iaHR0cDovL3d3dy53My5vcmcvMjAwMC9zdmciPjwvc3ZnPg==\" style=\"--smush-placeholder-width: 1400px; --smush-placeholder-aspect-ratio: 1400\/932;\" \/><\/div>\n\t\t<\/a>\n\t\t\t\t<div class=\"elementor-post__text\">\n\t\t\t\t<h3 class=\"elementor-post__title\">\n\t\t\t<a href=\"https:\/\/wonderfauna.org\/en\/domaine-la-colombe-la-biodynamie-cle-de-vitalite-dans-les-vignes\/\" >\n\t\t\t\tDomaine\u00a0La Colombe\u00a0: la biodynamie, cl\u00e9\u00a0de vitalit\u00e9 dans les vignes ?\t\t\t<\/a>\n\t\t<\/h3>\n\t\t\t\t<div class=\"elementor-post__excerpt\">\n\t\t\t<p>Du haut de ses 33 ans, la vigneronne Laura Paccot est aux commandes du domaine La Colombe sis \u00e0 F\u00e9chy (VD). La viticulture biodynamique est au c\u0153ur de sa pratique. Interview.<\/p>\n\t\t<\/div>\n\t\t\n\t\t<a class=\"elementor-post__read-more\" href=\"https:\/\/wonderfauna.org\/en\/domaine-la-colombe-la-biodynamie-cle-de-vitalite-dans-les-vignes\/\" aria-label=\"Read more about Domaine\u00a0La Colombe\u00a0: la biodynamie, cl\u00e9\u00a0de vitalit\u00e9 dans les vignes ?\" tabindex=\"-1\" >\n\t\t\tLire la suite\t\t<\/a>\n\n\t\t\t\t<\/div>\n\t\t\t\t<\/article>\n\t\t\t\t<article class=\"elementor-post elementor-grid-item post-30933 post type-post status-publish format-standard has-post-thumbnail hentry category-biodiversite\" role=\"listitem\">\n\t\t\t\t<a class=\"elementor-post__thumbnail__link\" href=\"https:\/\/wonderfauna.org\/en\/le-herisson-un-ambassadeur-de-la-biodiversite-menace\/\" tabindex=\"-1\" >\n\t\t\t<div class=\"elementor-post__thumbnail\"><img decoding=\"async\" width=\"1885\" height=\"1254\" data-src=\"https:\/\/wonderfauna.org\/wp-content\/uploads\/2022\/07\/2020-11-05_0003-2048x1477-1-1.jpg\" class=\"attachment-full size-full wp-image-29921 lazyload\" alt=\"\" data-srcset=\"https:\/\/wonderfauna.org\/wp-content\/uploads\/2022\/07\/2020-11-05_0003-2048x1477-1-1.jpg 1885w, https:\/\/wonderfauna.org\/wp-content\/uploads\/2022\/07\/2020-11-05_0003-2048x1477-1-1-300x200.jpg 300w, https:\/\/wonderfauna.org\/wp-content\/uploads\/2022\/07\/2020-11-05_0003-2048x1477-1-1-1024x681.jpg 1024w, https:\/\/wonderfauna.org\/wp-content\/uploads\/2022\/07\/2020-11-05_0003-2048x1477-1-1-768x511.jpg 768w, https:\/\/wonderfauna.org\/wp-content\/uploads\/2022\/07\/2020-11-05_0003-2048x1477-1-1-1536x1022.jpg 1536w\" data-sizes=\"(max-width: 1885px) 100vw, 1885px\" src=\"data:image\/svg+xml;base64,PHN2ZyB3aWR0aD0iMSIgaGVpZ2h0PSIxIiB4bWxucz0iaHR0cDovL3d3dy53My5vcmcvMjAwMC9zdmciPjwvc3ZnPg==\" style=\"--smush-placeholder-width: 1885px; --smush-placeholder-aspect-ratio: 1885\/1254;\" \/><\/div>\n\t\t<\/a>\n\t\t\t\t<div class=\"elementor-post__text\">\n\t\t\t\t<h3 class=\"elementor-post__title\">\n\t\t\t<a href=\"https:\/\/wonderfauna.org\/en\/le-herisson-un-ambassadeur-de-la-biodiversite-menace\/\" >\n\t\t\t\tLe h\u00e9risson : un ambassadeur de la biodiversit\u00e9 menac\u00e9 !\t\t\t<\/a>\n\t\t<\/h3>\n\t\t\t\t<div class=\"elementor-post__excerpt\">\n\t\t\t<p>Le h\u00e9risson, cet animal qui nous semble pourtant si familier, est en danger d\u2019extinction. S\u2019il est difficile de recenser ce petit mammif\u00e8re arm\u00e9 de piques, le dernier <html><a href=\"https:\/\/livingplanet.panda.org\" target=\"_blank\" rel=\"noopener\">rapport<\/a><\/html> du WWF sur l\u2019\u00e9tat de la biodiversit\u00e9 alerte : au cours des 25 derni\u00e8res ann\u00e9es, l\u2019effectif de h\u00e9rissons aurait chut\u00e9 de 40% en ville de Zurich ! Christina Meissner, fondatrice du centre SOS H\u00e9rissons \u00e0 Gen\u00e8ve, lutte pour pr\u00e9server cette esp\u00e8ce. Interview.<\/p>\n\t\t<\/div>\n\t\t\n\t\t<a class=\"elementor-post__read-more\" href=\"https:\/\/wonderfauna.org\/en\/le-herisson-un-ambassadeur-de-la-biodiversite-menace\/\" aria-label=\"Read more about Le h\u00e9risson : un ambassadeur de la biodiversit\u00e9 menac\u00e9 !\" tabindex=\"-1\" >\n\t\t\tLire la suite\t\t<\/a>\n\n\t\t\t\t<\/div>\n\t\t\t\t<\/article>\n\t\t\t\t<article class=\"elementor-post elementor-grid-item post-29023 post type-post status-publish format-standard has-post-thumbnail hentry category-biodiversite tag-abeille tag-biodiversite tag-humain tag-nature\" role=\"listitem\">\n\t\t\t\t<a class=\"elementor-post__thumbnail__link\" href=\"https:\/\/wonderfauna.org\/en\/article-1-mon-article\/\" tabindex=\"-1\" >\n\t\t\t<div class=\"elementor-post__thumbnail\"><img decoding=\"async\" width=\"1140\" height=\"755\" data-src=\"https:\/\/wonderfauna.org\/wp-content\/uploads\/2022\/08\/SOS-chats-Noirague-Kelsa-53-1140x755-1.jpg\" class=\"attachment-full size-full wp-image-29493 lazyload\" alt=\"\" data-srcset=\"https:\/\/wonderfauna.org\/wp-content\/uploads\/2022\/08\/SOS-chats-Noirague-Kelsa-53-1140x755-1.jpg 1140w, https:\/\/wonderfauna.org\/wp-content\/uploads\/2022\/08\/SOS-chats-Noirague-Kelsa-53-1140x755-1-300x199.jpg 300w, https:\/\/wonderfauna.org\/wp-content\/uploads\/2022\/08\/SOS-chats-Noirague-Kelsa-53-1140x755-1-1024x678.jpg 1024w, https:\/\/wonderfauna.org\/wp-content\/uploads\/2022\/08\/SOS-chats-Noirague-Kelsa-53-1140x755-1-768x509.jpg 768w\" data-sizes=\"(max-width: 1140px) 100vw, 1140px\" src=\"data:image\/svg+xml;base64,PHN2ZyB3aWR0aD0iMSIgaGVpZ2h0PSIxIiB4bWxucz0iaHR0cDovL3d3dy53My5vcmcvMjAwMC9zdmciPjwvc3ZnPg==\" style=\"--smush-placeholder-width: 1140px; --smush-placeholder-aspect-ratio: 1140\/755;\" \/><\/div>\n\t\t<\/a>\n\t\t\t\t<div class=\"elementor-post__text\">\n\t\t\t\t<h3 class=\"elementor-post__title\">\n\t\t\t<a href=\"https:\/\/wonderfauna.org\/en\/article-1-mon-article\/\" >\n\t\t\t\tSOS Chats Noiraigue\u00a0: pas qu&rsquo;une affaire de chats\u00a0!\t\t\t<\/a>\n\t\t<\/h3>\n\t\t\t\t<div class=\"elementor-post__excerpt\">\n\t\t\t<p>Entour\u00e9e de ses 110 chats, Tomi Tomek, est depuis 1981 la co-fondatrice du sanctuaire SOS Chats Noiraigue. De la maltraitance \u00e0 l\u2019abandon, ses pensionnaires ont pour la plupart connu une vie difficile. Mais ce n\u2019est pas la seule vocation de cette association, qui s\u2019engage depuis 2019 \u00e0 sauver les faons des machines agricoles lors de la fauche des prairies. Une mission confi\u00e9e \u00e0 son assistante Aurore Lecerf. Interview crois\u00e9e.<\/p>\n\t\t<\/div>\n\t\t\n\t\t<a class=\"elementor-post__read-more\" href=\"https:\/\/wonderfauna.org\/en\/article-1-mon-article\/\" aria-label=\"Read more about SOS Chats Noiraigue\u00a0: pas qu&rsquo;une affaire de chats\u00a0!\" tabindex=\"-1\" >\n\t\t\tLire la suite\t\t<\/a>\n\n\t\t\t\t<\/div>\n\t\t\t\t<\/article>\n\t\t\t\t<article class=\"elementor-post elementor-grid-item post-29025 post type-post status-publish format-standard has-post-thumbnail hentry category-biodiversite tag-environnement tag-nature\" role=\"listitem\">\n\t\t\t\t<a class=\"elementor-post__thumbnail__link\" href=\"https:\/\/wonderfauna.org\/en\/la-fondation-mart\/\" tabindex=\"-1\" >\n\t\t\t<div class=\"elementor-post__thumbnail\"><img decoding=\"async\" width=\"1885\" height=\"1255\" data-src=\"https:\/\/wonderfauna.org\/wp-content\/uploads\/2022\/07\/2020-08-10_0004-2048x1476-1.jpg\" class=\"attachment-full size-full wp-image-29920 lazyload\" alt=\"Fondation MART\" data-srcset=\"https:\/\/wonderfauna.org\/wp-content\/uploads\/2022\/07\/2020-08-10_0004-2048x1476-1.jpg 1885w, https:\/\/wonderfauna.org\/wp-content\/uploads\/2022\/07\/2020-08-10_0004-2048x1476-1-300x200.jpg 300w, https:\/\/wonderfauna.org\/wp-content\/uploads\/2022\/07\/2020-08-10_0004-2048x1476-1-1024x682.jpg 1024w, https:\/\/wonderfauna.org\/wp-content\/uploads\/2022\/07\/2020-08-10_0004-2048x1476-1-768x511.jpg 768w, https:\/\/wonderfauna.org\/wp-content\/uploads\/2022\/07\/2020-08-10_0004-2048x1476-1-1536x1023.jpg 1536w\" data-sizes=\"(max-width: 1885px) 100vw, 1885px\" src=\"data:image\/svg+xml;base64,PHN2ZyB3aWR0aD0iMSIgaGVpZ2h0PSIxIiB4bWxucz0iaHR0cDovL3d3dy53My5vcmcvMjAwMC9zdmciPjwvc3ZnPg==\" style=\"--smush-placeholder-width: 1885px; --smush-placeholder-aspect-ratio: 1885\/1255;\" \/><\/div>\n\t\t<\/a>\n\t\t\t\t<div class=\"elementor-post__text\">\n\t\t\t\t<h3 class=\"elementor-post__title\">\n\t\t\t<a href=\"https:\/\/wonderfauna.org\/en\/la-fondation-mart\/\" >\n\t\t\t\tLa Fondation MART : active sur diff\u00e9rents terrains\t\t\t<\/a>\n\t\t<\/h3>\n\t\t\t\t<div class=\"elementor-post__excerpt\">\n\t\t\t<p>Chaque ann\u00e9e, plusieurs organisations environnementales entreprennent des nettoyages de la nature helv\u00e9tique afin de sensibiliser petits et grands sur les r\u00e9percussions des d\u00e9chets. Parmi elles, figure la Fondation MART, cr\u00e9\u00e9e par Kate Amiguet en 1999. Son acronyme d\u00e9signe Mouvement pour les Animaux et le Respect de la Terre. Interview.<\/p>\n\t\t<\/div>\n\t\t\n\t\t<a class=\"elementor-post__read-more\" href=\"https:\/\/wonderfauna.org\/en\/la-fondation-mart\/\" aria-label=\"Read more about La Fondation MART : active sur diff\u00e9rents terrains\" tabindex=\"-1\" >\n\t\t\tLire la suite\t\t<\/a>\n\n\t\t\t\t<\/div>\n\t\t\t\t<\/article>\n\t\t\t\t<\/div>\n\t\t\n\t\t\t\t\t\t<\/div>\n\t\t\t\t<\/div>\n\t\t\t\t\t<\/div>\n\t\t<\/div>\n\t\t\t\t\t<\/div>\n\t\t<\/section>\n\t\t\t\t<\/div>","protected":false},"excerpt":{"rendered":"<p>Nos derniers articles Biodiversit\u00e9<\/p>","protected":false},"author":1,"featured_media":0,"parent":28906,"menu_order":1,"comment_status":"closed","ping_status":"closed","template":"elementor_header_footer","meta":{"_seopress_robots_primary_cat":"","_seopress_titles_title":"","_seopress_titles_desc":"","_seopress_robots_index":"","_seopress_analysis_target_kw":"","footnotes":""},"class_list":["post-29739","page","type-page","status-publish","hentry"],"_links":{"self":[{"href":"https:\/\/wonderfauna.org\/en\/wp-json\/wp\/v2\/pages\/29739","targetHints":{"allow":["GET"]}}],"collection":[{"href":"https:\/\/wonderfauna.org\/en\/wp-json\/wp\/v2\/pages"}],"about":[{"href":"https:\/\/wonderfauna.org\/en\/wp-json\/wp\/v2\/types\/page"}],"author":[{"embeddable":true,"href":"https:\/\/wonderfauna.org\/en\/wp-json\/wp\/v2\/users\/1"}],"replies":[{"embeddable":true,"href":"https:\/\/wonderfauna.org\/en\/wp-json\/wp\/v2\/comments?post=29739"}],"version-history":[{"count":26,"href":"https:\/\/wonderfauna.org\/en\/wp-json\/wp\/v2\/pages\/29739\/revisions"}],"predecessor-version":[{"id":30768,"href":"https:\/\/wonderfauna.org\/en\/wp-json\/wp\/v2\/pages\/29739\/revisions\/30768"}],"up":[{"embeddable":true,"href":"https:\/\/wonderfauna.org\/en\/wp-json\/wp\/v2\/pages\/28906"}],"wp:attachment":[{"href":"https:\/\/wonderfauna.org\/en\/wp-json\/wp\/v2\/media?parent=29739"}],"curies":[{"name":"wp","href":"https:\/\/api.w.org\/{rel}","templated":true}]}}