{"id":31640,"date":"2023-07-15T15:22:47","date_gmt":"2023-07-15T13:22:47","guid":{"rendered":"https:\/\/wonderfauna.org\/?page_id=31640"},"modified":"2026-03-08T18:00:07","modified_gmt":"2026-03-08T17:00:07","slug":"nous-soutenir","status":"publish","type":"page","link":"https:\/\/wonderfauna.org\/en\/nous-soutenir\/","title":{"rendered":"Faire un don"},"content":{"rendered":"<div data-elementor-type=\"wp-page\" data-elementor-id=\"31640\" class=\"elementor elementor-31640\" data-elementor-post-type=\"page\">\n\t\t\t\t\t\t<section class=\"elementor-section elementor-top-section elementor-element elementor-element-5cff1d0 elementor-section-boxed elementor-section-height-default elementor-section-height-default\" data-id=\"5cff1d0\" data-element_type=\"section\">\n\t\t\t\t\t\t<div class=\"elementor-container elementor-column-gap-default\">\n\t\t\t\t\t<div class=\"elementor-column elementor-col-100 elementor-top-column elementor-element elementor-element-f788497\" data-id=\"f788497\" data-element_type=\"column\">\n\t\t\t<div class=\"elementor-widget-wrap elementor-element-populated\">\n\t\t\t\t\t\t<div class=\"elementor-element elementor-element-c7c9c9f elementor-hidden-desktop elementor-widget elementor-widget-image\" data-id=\"c7c9c9f\" data-element_type=\"widget\" data-widget_type=\"image.default\">\n\t\t\t\t<div class=\"elementor-widget-container\">\n\t\t\t\t\t\t\t\t\t\t\t\t\t\t\t<img fetchpriority=\"high\" decoding=\"async\" width=\"800\" height=\"534\" src=\"https:\/\/wonderfauna.org\/wp-content\/uploads\/2022\/12\/hermine-1-1024x683.jpg\" class=\"attachment-large size-large wp-image-30487\" alt=\"Protection de la faune \/ Wonder Fauna\" srcset=\"https:\/\/wonderfauna.org\/wp-content\/uploads\/2022\/12\/hermine-1-1024x683.jpg 1024w, https:\/\/wonderfauna.org\/wp-content\/uploads\/2022\/12\/hermine-1-300x200.jpg 300w, https:\/\/wonderfauna.org\/wp-content\/uploads\/2022\/12\/hermine-1-768x512.jpg 768w, https:\/\/wonderfauna.org\/wp-content\/uploads\/2022\/12\/hermine-1-1536x1024.jpg 1536w, https:\/\/wonderfauna.org\/wp-content\/uploads\/2022\/12\/hermine-1-2048x1365.jpg 2048w, https:\/\/wonderfauna.org\/wp-content\/uploads\/2022\/12\/hermine-1-18x12.jpg 18w\" sizes=\"(max-width: 800px) 100vw, 800px\" \/>\t\t\t\t\t\t\t\t\t\t\t\t\t\t\t<\/div>\n\t\t\t\t<\/div>\n\t\t\t\t\t<\/div>\n\t\t<\/div>\n\t\t\t\t\t<\/div>\n\t\t<\/section>\n\t\t\t\t<section class=\"elementor-section elementor-top-section elementor-element elementor-element-124e2e0 elementor-section-boxed elementor-section-height-default elementor-section-height-default\" data-id=\"124e2e0\" data-element_type=\"section\">\n\t\t\t\t\t\t<div class=\"elementor-container elementor-column-gap-default\">\n\t\t\t\t\t<div class=\"elementor-column elementor-col-100 elementor-top-column elementor-element elementor-element-ced0089\" data-id=\"ced0089\" data-element_type=\"column\">\n\t\t\t<div class=\"elementor-widget-wrap elementor-element-populated\">\n\t\t\t\t\t\t<div class=\"elementor-element elementor-element-ef745e6 elementor-widget elementor-widget-spacer\" data-id=\"ef745e6\" data-element_type=\"widget\" data-widget_type=\"spacer.default\">\n\t\t\t\t<div class=\"elementor-widget-container\">\n\t\t\t\t\t\t\t<div class=\"elementor-spacer\">\n\t\t\t<div class=\"elementor-spacer-inner\"><\/div>\n\t\t<\/div>\n\t\t\t\t\t\t<\/div>\n\t\t\t\t<\/div>\n\t\t\t\t\t<\/div>\n\t\t<\/div>\n\t\t\t\t\t<\/div>\n\t\t<\/section>\n\t\t\t\t<section class=\"elementor-section elementor-top-section elementor-element elementor-element-54c1a1c elementor-section-boxed elementor-section-height-default elementor-section-height-default\" data-id=\"54c1a1c\" data-element_type=\"section\">\n\t\t\t\t\t\t<div class=\"elementor-container elementor-column-gap-default\">\n\t\t\t\t\t<div class=\"elementor-column elementor-col-100 elementor-top-column elementor-element elementor-element-b727aee\" data-id=\"b727aee\" data-element_type=\"column\">\n\t\t\t<div class=\"elementor-widget-wrap elementor-element-populated\">\n\t\t\t\t\t\t<div class=\"elementor-element elementor-element-82fd5f0 elementor-widget elementor-widget-text-editor\" data-id=\"82fd5f0\" data-element_type=\"widget\" data-widget_type=\"text-editor.default\">\n\t\t\t\t<div class=\"elementor-widget-container\">\n\t\t\t\t\t\t\t\t\t<div class=\"field field--name-field-lead field--type-string-long field--label-hidden field__item\"><strong class=\"lead\">Chaque contribution aussi petite soit-elle nous est pr\u00e9cieuse et permet \u00e0 l&rsquo;Association Wonder Fauna de poursuivre ses activit\u00e9s de sensibilisation en faveur de la biodiversit\u00e9 locale. Les dons servent essentiellement \u00e0 financer les frais li\u00e9s \u00e0 notre association, \u00e0 vous proposer des articles sur la faune en acc\u00e8s libre sur notre site ainsi qu&rsquo;\u00e0 organiser des \u00e9v\u00e9nements ou des actions nature ouverts \u00e0 tout public.&nbsp;<\/strong><\/div>\n<div class=\"field field--name-body field--type-text-with-summary field--label-hidden field__item\"><br><\/div>\t\t\t\t\t\t\t\t<\/div>\n\t\t\t\t<\/div>\n\t\t\t\t\t<\/div>\n\t\t<\/div>\n\t\t\t\t\t<\/div>\n\t\t<\/section>\n\t\t\t\t<section class=\"elementor-section elementor-top-section elementor-element elementor-element-dce63f7 elementor-section-height-min-height elementor-section-boxed elementor-section-height-default elementor-section-items-middle\" data-id=\"dce63f7\" data-element_type=\"section\" data-settings=\"{&quot;background_background&quot;:&quot;classic&quot;}\">\n\t\t\t\t\t\t\t<div class=\"elementor-background-overlay\"><\/div>\n\t\t\t\t\t\t\t<div class=\"elementor-container elementor-column-gap-no\">\n\t\t\t\t\t<div class=\"elementor-column elementor-col-50 elementor-top-column elementor-element elementor-element-340ad0e\" data-id=\"340ad0e\" data-element_type=\"column\">\n\t\t\t<div class=\"elementor-widget-wrap elementor-element-populated\">\n\t\t\t\t\t\t<div class=\"elementor-element elementor-element-56f1aef elementor-widget elementor-widget-text-editor\" data-id=\"56f1aef\" data-element_type=\"widget\" data-widget_type=\"text-editor.default\">\n\t\t\t\t<div class=\"elementor-widget-container\">\n\t\t\t\t\t\t\t\t\t<h4><strong>Coordonn\u00e9es bancaires<\/strong><\/h4>\n<p><\/p>\n<p>WONDER FAUNA<\/p>\n<p>1293, Bellevue<\/p>\n<p><strong>IBAN :<\/strong> CH13 0900 0000 1567 7509 5<\/p>\n<p><strong>Compte :<\/strong> 15-677509-5<\/p>\n<p><strong>BIC :<\/strong> POFICHBEXXX<\/p>\n<p><\/p>\n<div style=\"box-sizing: inherit; white-space: normal;\">\n<p><span style=\"box-sizing: inherit; font-size: 1.25rem; margin-top: 1.25rem; margin-bottom: 0.625rem;\"><span style=\"box-sizing: inherit;\">Par bulletin de versement<\/span><\/span><\/p>\n<p style=\"box-sizing: inherit;\">Commandez-un bulletin de versement : wonderfauna@gmail.com<\/p>\n<\/div>\n<div style=\"box-sizing: inherit; white-space: normal;\">\n<div style=\"box-sizing: inherit;\">\n<div style=\"box-sizing: inherit;\">\n<p style=\"box-sizing: inherit;\"><span style=\"color: var( --e-global-color-f91b25d ); background-color: var( --e-global-color-3ac3656 );\">Nous vous remercions pour votre pr\u00e9cieux soutien !<\/span><\/p>\n<\/div>\n<\/div>\n<\/div>\t\t\t\t\t\t\t\t<\/div>\n\t\t\t\t<\/div>\n\t\t\t\t\t<\/div>\n\t\t<\/div>\n\t\t\t\t<div class=\"elementor-column elementor-col-50 elementor-top-column elementor-element elementor-element-592adb0\" data-id=\"592adb0\" data-element_type=\"column\">\n\t\t\t<div class=\"elementor-widget-wrap elementor-element-populated\">\n\t\t\t\t\t\t<div class=\"elementor-element elementor-element-27ad7ec elementor-absolute elementor-hidden-tablet elementor-hidden-mobile elementor-widget elementor-widget-image\" data-id=\"27ad7ec\" data-element_type=\"widget\" data-settings=\"{&quot;_position&quot;:&quot;absolute&quot;}\" data-widget_type=\"image.default\">\n\t\t\t\t<div class=\"elementor-widget-container\">\n\t\t\t\t\t\t\t\t\t\t\t\t\t\t\t<img fetchpriority=\"high\" decoding=\"async\" width=\"800\" height=\"534\" src=\"https:\/\/wonderfauna.org\/wp-content\/uploads\/2022\/12\/hermine-1-1024x683.jpg\" class=\"attachment-large size-large wp-image-30487\" alt=\"Protection de la faune \/ Wonder Fauna\" srcset=\"https:\/\/wonderfauna.org\/wp-content\/uploads\/2022\/12\/hermine-1-1024x683.jpg 1024w, https:\/\/wonderfauna.org\/wp-content\/uploads\/2022\/12\/hermine-1-300x200.jpg 300w, https:\/\/wonderfauna.org\/wp-content\/uploads\/2022\/12\/hermine-1-768x512.jpg 768w, https:\/\/wonderfauna.org\/wp-content\/uploads\/2022\/12\/hermine-1-1536x1024.jpg 1536w, https:\/\/wonderfauna.org\/wp-content\/uploads\/2022\/12\/hermine-1-2048x1365.jpg 2048w, https:\/\/wonderfauna.org\/wp-content\/uploads\/2022\/12\/hermine-1-18x12.jpg 18w\" sizes=\"(max-width: 800px) 100vw, 800px\" \/>\t\t\t\t\t\t\t\t\t\t\t\t\t\t\t<\/div>\n\t\t\t\t<\/div>\n\t\t\t\t\t<\/div>\n\t\t<\/div>\n\t\t\t\t\t<\/div>\n\t\t<\/section>\n\t\t\t\t<\/div>","protected":false},"excerpt":{"rendered":"<p>Chaque contribution aussi petite soit-elle nous est pr\u00e9cieuse et permet \u00e0 l&rsquo;Association Wonder Fauna de poursuivre ses activit\u00e9s de sensibilisation en faveur de la biodiversit\u00e9 locale. Les dons servent essentiellement \u00e0 financer les frais li\u00e9s \u00e0 notre association, \u00e0 vous proposer des articles sur la faune en acc\u00e8s libre sur notre site ainsi qu&rsquo;\u00e0 organiser [&hellip;]<\/p>\n","protected":false},"author":1,"featured_media":0,"parent":0,"menu_order":0,"comment_status":"closed","ping_status":"closed","template":"","meta":{"_seopress_robots_primary_cat":"","_seopress_titles_title":"Nous soutenir","_seopress_titles_desc":"don","_seopress_robots_index":"","_seopress_analysis_target_kw":"","footnotes":""},"class_list":["post-31640","page","type-page","status-publish","hentry"],"_links":{"self":[{"href":"https:\/\/wonderfauna.org\/en\/wp-json\/wp\/v2\/pages\/31640","targetHints":{"allow":["GET"]}}],"collection":[{"href":"https:\/\/wonderfauna.org\/en\/wp-json\/wp\/v2\/pages"}],"about":[{"href":"https:\/\/wonderfauna.org\/en\/wp-json\/wp\/v2\/types\/page"}],"author":[{"embeddable":true,"href":"https:\/\/wonderfauna.org\/en\/wp-json\/wp\/v2\/users\/1"}],"replies":[{"embeddable":true,"href":"https:\/\/wonderfauna.org\/en\/wp-json\/wp\/v2\/comments?post=31640"}],"version-history":[{"count":75,"href":"https:\/\/wonderfauna.org\/en\/wp-json\/wp\/v2\/pages\/31640\/revisions"}],"predecessor-version":[{"id":32381,"href":"https:\/\/wonderfauna.org\/en\/wp-json\/wp\/v2\/pages\/31640\/revisions\/32381"}],"wp:attachment":[{"href":"https:\/\/wonderfauna.org\/en\/wp-json\/wp\/v2\/media?parent=31640"}],"curies":[{"name":"wp","href":"https:\/\/api.w.org\/{rel}","templated":true}]}}